{"id":4702,"date":"2022-04-25T11:16:50","date_gmt":"2022-04-25T09:16:50","guid":{"rendered":"https:\/\/www.plastiquesdelestuaire.com\/?page_id=4702"},"modified":"2022-04-25T11:24:08","modified_gmt":"2022-04-25T09:24:08","slug":"plan-du-site","status":"publish","type":"page","link":"https:\/\/www.plastiquesdelestuaire.com\/en\/plan-du-site\/","title":{"rendered":"Plan du site"},"content":{"rendered":"<div data-elementor-type=\"wp-page\" data-elementor-id=\"4702\" class=\"elementor elementor-4702\">\n\t\t\t\t\t\t<div class=\"elementor-inner\">\n\t\t\t\t<div class=\"elementor-section-wrap\">\n\t\t\t\t\t\t\t\t\t<section class=\"has_eae_slider elementor-section elementor-top-section elementor-element elementor-element-ec95499 elementor-section-boxed elementor-section-height-default elementor-section-height-default\" data-id=\"ec95499\" data-element_type=\"section\">\n\t\t\t\t\t\t<div class=\"elementor-container elementor-column-gap-default\">\n\t\t\t\t\t\t\t<div class=\"elementor-row\">\n\t\t\t\t\t<div class=\"has_eae_slider elementor-column elementor-col-100 elementor-top-column elementor-element elementor-element-d49d83f\" data-id=\"d49d83f\" data-element_type=\"column\">\n\t\t\t<div class=\"elementor-column-wrap elementor-element-populated\">\n\t\t\t\t\t\t\t<div class=\"elementor-widget-wrap\">\n\t\t\t\t\t\t<div class=\"elementor-element elementor-element-9a6bbab elementor-widget elementor-widget-text-editor\" data-id=\"9a6bbab\" data-element_type=\"widget\" data-widget_type=\"text-editor.default\">\n\t\t\t\t<div class=\"elementor-widget-container\">\n\t\t\t\t\t\t\t\t<div class=\"elementor-text-editor elementor-clearfix\">\n\t\t\t\t<p><a href=\"https:\/\/www.plastiquesdelestuaire.com\/en\/\">Accueil<\/a><\/p><p><a href=\"https:\/\/www.plastiquesdelestuaire.com\/en\/plastiques-de-lestuaire-presentation\/\">PRESENTATION<\/a><\/p><p><a href=\"https:\/\/www.plastiquesdelestuaire.com\/en\/hublot-bateau-sur-mesure\/\">BOATING INDUSTRY<\/a><\/p><p><a href=\"https:\/\/www.plastiquesdelestuaire.com\/en\/fabrication-vitrages\/\"><em>Glass<\/em><\/a><\/p><p><a href=\"https:\/\/www.plastiquesdelestuaire.com\/en\/fabrication-de-reservoirs-carburant-eau\/\"><em>Tanks<\/em><\/a><\/p><p><a href=\"https:\/\/www.plastiquesdelestuaire.com\/en\/realisation-pieces-usinees-usinage-3d\/\"><em>Machined parts<\/em><\/a><\/p><p><a href=\"https:\/\/www.plastiquesdelestuaire.com\/en\/chaudronnerie-plastique-industrie\/\">INDUSTRIAL SECTORS<\/a><\/p><p><a href=\"https:\/\/www.plastiquesdelestuaire.com\/en\/table-de-decoupe-a-commande-numerique\/\"><em>Numerically controlled cutting table<\/em><\/a><\/p><p><a href=\"https:\/\/www.plastiquesdelestuaire.com\/en\/photos-galerie\/\">GALLERY<\/a><\/p><p><a href=\"https:\/\/www.plastiquesdelestuaire.com\/en\/actualites-plastiques\/\">NEWS<\/a><\/p><p><a href=\"https:\/\/www.plastiquesdelestuaire.com\/en\/2021\/01\/27\/nautisme\/\"><em>BOATING INDUSTRY<\/em><\/a><\/p><p><a href=\"https:\/\/www.plastiquesdelestuaire.com\/en\/2021\/03\/16\/actualite-industrie\/\"><em>INDUSTRIAL SECTORS<\/em><\/a><\/p><p><a href=\"https:\/\/www.plastiquesdelestuaire.com\/en\/2021\/01\/27\/amenagement\/\"><em>Layout<\/em><\/a><\/p><p><a href=\"https:\/\/www.plastiquesdelestuaire.com\/en\/plastiques-de-lestuaire-contact\/\">Contact<\/a><\/p><p><a href=\"https:\/\/www.plastiquesdelestuaire.com\/en\/mentions-legales\/\">Mentions L\u00e9gales<\/a><\/p><p>Plan du site<\/p>\t\t\t\t\t<\/div>\n\t\t\t\t\t\t<\/div>\n\t\t\t\t<\/div>\n\t\t\t\t\t\t<\/div>\n\t\t\t\t\t<\/div>\n\t\t<\/div>\n\t\t\t\t\t\t\t\t<\/div>\n\t\t\t\t\t<\/div>\n\t\t<\/section>\n\t\t\t\t\t\t\t\t\t<\/div>\n\t\t\t<\/div>\n\t\t\t\t\t<\/div>","protected":false},"excerpt":{"rendered":"<p>Accueil Pr\u00e9sentation Nautisme Vitrages R\u00e9servoirs Pi\u00e8ces usin\u00e9es Industrie Table de d\u00e9coupe \u00e0 commande num\u00e9rique Galerie Actualit\u00e9s Nautisme Industrie Am\u00e9nagement Contact Mentions L\u00e9gales Plan du site<\/p>","protected":false},"author":5,"featured_media":0,"parent":0,"menu_order":0,"comment_status":"closed","ping_status":"closed","template":"","meta":[],"yoast_head":"<!-- This site is optimized with the Yoast SEO plugin v18.4.1 - https:\/\/yoast.com\/wordpress\/plugins\/seo\/ -->\n<title>Plan du site - Les Plastiques de l&#039;Estuaire<\/title>\n<meta name=\"description\" content=\"Plan du site Plastiques de l&#039;estuaire 56190 ARZAL, Chaudronnerie plastique, nautisme, industrie, am\u00e9nagement\" \/>\n<meta name=\"robots\" content=\"index, follow, max-snippet:-1, max-image-preview:large, max-video-preview:-1\" \/>\n<link rel=\"canonical\" href=\"https:\/\/www.plastiquesdelestuaire.com\/en\/plan-du-site\/\" \/>\n<meta property=\"og:locale\" content=\"en_GB\" \/>\n<meta property=\"og:type\" content=\"article\" \/>\n<meta property=\"og:title\" content=\"Plan du site - Les Plastiques de l&#039;Estuaire\" \/>\n<meta property=\"og:description\" content=\"Plan du site Plastiques de l&#039;estuaire 56190 ARZAL, Chaudronnerie plastique, nautisme, industrie, am\u00e9nagement\" \/>\n<meta property=\"og:url\" content=\"https:\/\/www.plastiquesdelestuaire.com\/en\/plan-du-site\/\" \/>\n<meta property=\"og:site_name\" content=\"Les Plastiques de l&#039;Estuaire\" \/>\n<meta property=\"article:publisher\" content=\"https:\/\/www.facebook.com\/plastiquesdelestuaire\" \/>\n<meta property=\"article:modified_time\" content=\"2022-04-25T09:24:08+00:00\" \/>\n<meta name=\"twitter:card\" content=\"summary_large_image\" \/>\n<meta name=\"twitter:label1\" content=\"Estimated reading time\" \/>\n\t<meta name=\"twitter:data1\" content=\"1 minute\" \/>\n<script type=\"application\/ld+json\" class=\"yoast-schema-graph\">{\"@context\":\"https:\/\/schema.org\",\"@graph\":[{\"@type\":\"Organization\",\"@id\":\"https:\/\/www.plastiquesdelestuaire.com\/#organization\",\"name\":\"PLASTIQUES DE L ESTUAIRE\",\"url\":\"https:\/\/www.plastiquesdelestuaire.com\/\",\"sameAs\":[\"https:\/\/www.facebook.com\/plastiquesdelestuaire\",\"https:\/\/www.linkedin.com\/in\/thierry-dubois-4823991bb\/\"],\"logo\":{\"@type\":\"ImageObject\",\"@id\":\"https:\/\/www.plastiquesdelestuaire.com\/#logo\",\"inLanguage\":\"en-GB\",\"url\":\"https:\/\/www.plastiquesdelestuaire.com\/wordpress\/wp-content\/uploads\/2019\/05\/PDL-logo-couleur-120.png\",\"contentUrl\":\"https:\/\/www.plastiquesdelestuaire.com\/wordpress\/wp-content\/uploads\/2019\/05\/PDL-logo-couleur-120.png\",\"width\":120,\"height\":120,\"caption\":\"PLASTIQUES DE L ESTUAIRE\"},\"image\":{\"@id\":\"https:\/\/www.plastiquesdelestuaire.com\/#logo\"}},{\"@type\":\"WebSite\",\"@id\":\"https:\/\/www.plastiquesdelestuaire.com\/#website\",\"url\":\"https:\/\/www.plastiquesdelestuaire.com\/\",\"name\":\"Les Plastiques de l&#039;Estuaire\",\"description\":\"Solutions plastiques sur-mesure\",\"publisher\":{\"@id\":\"https:\/\/www.plastiquesdelestuaire.com\/#organization\"},\"potentialAction\":[{\"@type\":\"SearchAction\",\"target\":{\"@type\":\"EntryPoint\",\"urlTemplate\":\"https:\/\/www.plastiquesdelestuaire.com\/?s={search_term_string}\"},\"query-input\":\"required name=search_term_string\"}],\"inLanguage\":\"en-GB\"},{\"@type\":\"WebPage\",\"@id\":\"https:\/\/www.plastiquesdelestuaire.com\/plan-du-site\/#webpage\",\"url\":\"https:\/\/www.plastiquesdelestuaire.com\/plan-du-site\/\",\"name\":\"Plan du site - Les Plastiques de l&#039;Estuaire\",\"isPartOf\":{\"@id\":\"https:\/\/www.plastiquesdelestuaire.com\/#website\"},\"datePublished\":\"2022-04-25T09:16:50+00:00\",\"dateModified\":\"2022-04-25T09:24:08+00:00\",\"description\":\"Plan du site Plastiques de l'estuaire 56190 ARZAL, Chaudronnerie plastique, nautisme, industrie, am\u00e9nagement\",\"breadcrumb\":{\"@id\":\"https:\/\/www.plastiquesdelestuaire.com\/plan-du-site\/#breadcrumb\"},\"inLanguage\":\"en-GB\",\"potentialAction\":[{\"@type\":\"ReadAction\",\"target\":[\"https:\/\/www.plastiquesdelestuaire.com\/plan-du-site\/\"]}]},{\"@type\":\"BreadcrumbList\",\"@id\":\"https:\/\/www.plastiquesdelestuaire.com\/plan-du-site\/#breadcrumb\",\"itemListElement\":[{\"@type\":\"ListItem\",\"position\":1,\"name\":\"Accueil\",\"item\":\"https:\/\/www.plastiquesdelestuaire.com\/\"},{\"@type\":\"ListItem\",\"position\":2,\"name\":\"Plan du site\"}]}]}<\/script>\n<!-- \/ Yoast SEO plugin. -->","yoast_head_json":{"title":"Plan du site - Les Plastiques de l&#039;Estuaire","description":"Plan du site Plastiques de l'estuaire 56190 ARZAL, Chaudronnerie plastique, nautisme, industrie, am\u00e9nagement","robots":{"index":"index","follow":"follow","max-snippet":"max-snippet:-1","max-image-preview":"max-image-preview:large","max-video-preview":"max-video-preview:-1"},"canonical":"https:\/\/www.plastiquesdelestuaire.com\/en\/plan-du-site\/","og_locale":"en_GB","og_type":"article","og_title":"Plan du site - Les Plastiques de l&#039;Estuaire","og_description":"Plan du site Plastiques de l'estuaire 56190 ARZAL, Chaudronnerie plastique, nautisme, industrie, am\u00e9nagement","og_url":"https:\/\/www.plastiquesdelestuaire.com\/en\/plan-du-site\/","og_site_name":"Les Plastiques de l&#039;Estuaire","article_publisher":"https:\/\/www.facebook.com\/plastiquesdelestuaire","article_modified_time":"2022-04-25T09:24:08+00:00","twitter_card":"summary_large_image","twitter_misc":{"Estimated reading time":"1 minute"},"schema":{"@context":"https:\/\/schema.org","@graph":[{"@type":"Organization","@id":"https:\/\/www.plastiquesdelestuaire.com\/#organization","name":"PLASTIQUES DE L ESTUAIRE","url":"https:\/\/www.plastiquesdelestuaire.com\/","sameAs":["https:\/\/www.facebook.com\/plastiquesdelestuaire","https:\/\/www.linkedin.com\/in\/thierry-dubois-4823991bb\/"],"logo":{"@type":"ImageObject","@id":"https:\/\/www.plastiquesdelestuaire.com\/#logo","inLanguage":"en-GB","url":"https:\/\/www.plastiquesdelestuaire.com\/wordpress\/wp-content\/uploads\/2019\/05\/PDL-logo-couleur-120.png","contentUrl":"https:\/\/www.plastiquesdelestuaire.com\/wordpress\/wp-content\/uploads\/2019\/05\/PDL-logo-couleur-120.png","width":120,"height":120,"caption":"PLASTIQUES DE L ESTUAIRE"},"image":{"@id":"https:\/\/www.plastiquesdelestuaire.com\/#logo"}},{"@type":"WebSite","@id":"https:\/\/www.plastiquesdelestuaire.com\/#website","url":"https:\/\/www.plastiquesdelestuaire.com\/","name":"Les Plastiques de l&#039;Estuaire","description":"Customised plastics solutions","publisher":{"@id":"https:\/\/www.plastiquesdelestuaire.com\/#organization"},"potentialAction":[{"@type":"SearchAction","target":{"@type":"EntryPoint","urlTemplate":"https:\/\/www.plastiquesdelestuaire.com\/?s={search_term_string}"},"query-input":"required name=search_term_string"}],"inLanguage":"en-GB"},{"@type":"WebPage","@id":"https:\/\/www.plastiquesdelestuaire.com\/plan-du-site\/#webpage","url":"https:\/\/www.plastiquesdelestuaire.com\/plan-du-site\/","name":"Plan du site - Les Plastiques de l&#039;Estuaire","isPartOf":{"@id":"https:\/\/www.plastiquesdelestuaire.com\/#website"},"datePublished":"2022-04-25T09:16:50+00:00","dateModified":"2022-04-25T09:24:08+00:00","description":"Plan du site Plastiques de l'estuaire 56190 ARZAL, Chaudronnerie plastique, nautisme, industrie, am\u00e9nagement","breadcrumb":{"@id":"https:\/\/www.plastiquesdelestuaire.com\/plan-du-site\/#breadcrumb"},"inLanguage":"en-GB","potentialAction":[{"@type":"ReadAction","target":["https:\/\/www.plastiquesdelestuaire.com\/plan-du-site\/"]}]},{"@type":"BreadcrumbList","@id":"https:\/\/www.plastiquesdelestuaire.com\/plan-du-site\/#breadcrumb","itemListElement":[{"@type":"ListItem","position":1,"name":"Accueil","item":"https:\/\/www.plastiquesdelestuaire.com\/"},{"@type":"ListItem","position":2,"name":"Plan du site"}]}]}},"_links":{"self":[{"href":"https:\/\/www.plastiquesdelestuaire.com\/en\/wp-json\/wp\/v2\/pages\/4702"}],"collection":[{"href":"https:\/\/www.plastiquesdelestuaire.com\/en\/wp-json\/wp\/v2\/pages"}],"about":[{"href":"https:\/\/www.plastiquesdelestuaire.com\/en\/wp-json\/wp\/v2\/types\/page"}],"author":[{"embeddable":true,"href":"https:\/\/www.plastiquesdelestuaire.com\/en\/wp-json\/wp\/v2\/users\/5"}],"replies":[{"embeddable":true,"href":"https:\/\/www.plastiquesdelestuaire.com\/en\/wp-json\/wp\/v2\/comments?post=4702"}],"version-history":[{"count":0,"href":"https:\/\/www.plastiquesdelestuaire.com\/en\/wp-json\/wp\/v2\/pages\/4702\/revisions"}],"wp:attachment":[{"href":"https:\/\/www.plastiquesdelestuaire.com\/en\/wp-json\/wp\/v2\/media?parent=4702"}],"curies":[{"name":"wp","href":"https:\/\/api.w.org\/{rel}","templated":true}]}}