{"id":9403,"date":"2025-06-25T14:35:50","date_gmt":"2025-06-25T12:35:50","guid":{"rendered":"https:\/\/www.plastiquesdelestuaire.com\/?page_id=9403"},"modified":"2025-10-10T13:19:23","modified_gmt":"2025-10-10T11:19:23","slug":"carterisation-capot-de-protection","status":"publish","type":"page","link":"https:\/\/www.plastiquesdelestuaire.com\/en\/carterisation-capot-de-protection\/","title":{"rendered":"carterisation"},"content":{"rendered":"<div data-elementor-type=\"wp-page\" data-elementor-id=\"9403\" class=\"elementor elementor-9403\">\n\t\t\t\t\t\t<div class=\"elementor-inner\">\n\t\t\t\t<div class=\"elementor-section-wrap\">\n\t\t\t\t\t\t\t\t\t<section class=\"has_eae_slider elementor-section elementor-top-section elementor-element elementor-element-67a6fb24 elementor-section-boxed elementor-section-height-default elementor-section-height-default\" data-id=\"67a6fb24\" data-element_type=\"section\">\n\t\t\t\t\t\t<div class=\"elementor-container elementor-column-gap-default\">\n\t\t\t\t\t\t\t<div class=\"elementor-row\">\n\t\t\t\t\t<div class=\"has_eae_slider elementor-column elementor-col-100 elementor-top-column elementor-element elementor-element-b198060\" data-id=\"b198060\" data-element_type=\"column\">\n\t\t\t<div class=\"elementor-column-wrap elementor-element-populated\">\n\t\t\t\t\t\t\t<div class=\"elementor-widget-wrap\">\n\t\t\t\t\t\t<div class=\"elementor-element elementor-element-75f3e0f7 elementor-widget elementor-widget-heading\" data-id=\"75f3e0f7\" data-element_type=\"widget\" data-widget_type=\"heading.default\">\n\t\t\t\t<div class=\"elementor-widget-container\">\n\t\t\t<h1 class=\"elementor-heading-title elementor-size-default\">carter - capot de protection<\/h1>\t\t<\/div>\n\t\t\t\t<\/div>\n\t\t\t\t<div class=\"elementor-element elementor-element-750659c5 elementor-widget elementor-widget-text-editor\" data-id=\"750659c5\" data-element_type=\"widget\" data-widget_type=\"text-editor.default\">\n\t\t\t\t<div class=\"elementor-widget-container\">\n\t\t\t\t\t\t\t\t<div class=\"elementor-text-editor elementor-clearfix\">\n\t\t\t\t<p>Fabrication sur mesure selon votre cahier des charges<\/p>\t\t\t\t\t<\/div>\n\t\t\t\t\t\t<\/div>\n\t\t\t\t<\/div>\n\t\t\t\t<div class=\"elementor-element elementor-element-1bad49f elementor-hidden-desktop elementor-hidden-tablet elementor-hidden-phone elementor-widget elementor-widget-heading\" data-id=\"1bad49f\" data-element_type=\"widget\" data-widget_type=\"heading.default\">\n\t\t\t\t<div class=\"elementor-widget-container\">\n\t\t\t<h3 class=\"elementor-heading-title elementor-size-default\">Fabrication de r\u00e9servoirs<\/h3>\t\t<\/div>\n\t\t\t\t<\/div>\n\t\t\t\t<div class=\"elementor-element elementor-element-696d4b26 elementor-widget elementor-widget-text-editor\" data-id=\"696d4b26\" data-element_type=\"widget\" data-widget_type=\"text-editor.default\">\n\t\t\t\t<div class=\"elementor-widget-container\">\n\t\t\t\t\t\t\t\t<div class=\"elementor-text-editor elementor-clearfix\">\n\t\t\t\t<p>Nous r\u00e9alisons sur mesure des carters ou capots de protection pli\u00e9s ou form\u00e9s utilis\u00e9s commun\u00e9ment pour isoler les <a href=\"https:\/\/www.plastiquesdelestuaire.com\/en\/usinage-plastique\/\">machines industrielles<\/a> des parties dangereuses. Ils assurent la protection des personnes travaillant dans l&rsquo;environnement, limite le bruit et prot\u00e8ge de la poussi\u00e8re ce qui facilite la maintenance de machines.<\/p>\t\t\t\t\t<\/div>\n\t\t\t\t\t\t<\/div>\n\t\t\t\t<\/div>\n\t\t\t\t\t\t<\/div>\n\t\t\t\t\t<\/div>\n\t\t<\/div>\n\t\t\t\t\t\t\t\t<\/div>\n\t\t\t\t\t<\/div>\n\t\t<\/section>\n\t\t\t\t<section class=\"has_eae_slider elementor-section elementor-top-section elementor-element elementor-element-aea01 elementor-section-full_width elementor-section-stretched elementor-section-height-min-height elementor-section-height-default elementor-section-items-middle\" data-id=\"aea01\" data-element_type=\"section\" data-settings=\"{&quot;background_background&quot;:&quot;classic&quot;,&quot;stretch_section&quot;:&quot;section-stretched&quot;,&quot;shape_divider_top&quot;:&quot;tilt&quot;,&quot;shape_divider_bottom&quot;:&quot;tilt&quot;}\">\n\t\t\t\t\t\t\t<div class=\"elementor-background-overlay\"><\/div>\n\t\t\t\t\t\t<div class=\"elementor-shape elementor-shape-top\" data-negative=\"false\">\n\t\t\t<svg xmlns=\"http:\/\/www.w3.org\/2000\/svg\" viewbox=\"0 0 1000 100\" preserveaspectratio=\"none\">\n\t<path class=\"elementor-shape-fill\" d=\"M0,6V0h1000v100L0,6z\"\/>\n<\/svg>\t\t<\/div>\n\t\t\t\t<div class=\"elementor-shape elementor-shape-bottom\" data-negative=\"false\">\n\t\t\t<svg xmlns=\"http:\/\/www.w3.org\/2000\/svg\" viewbox=\"0 0 1000 100\" preserveaspectratio=\"none\">\n\t<path class=\"elementor-shape-fill\" d=\"M0,6V0h1000v100L0,6z\"\/>\n<\/svg>\t\t<\/div>\n\t\t\t\t\t<div class=\"elementor-container elementor-column-gap-wider\">\n\t\t\t\t\t\t\t<div class=\"elementor-row\">\n\t\t\t\t\t<div class=\"has_eae_slider elementor-column elementor-col-100 elementor-top-column elementor-element elementor-element-746bcda1\" data-id=\"746bcda1\" data-element_type=\"column\" data-settings=\"{&quot;background_background&quot;:&quot;gradient&quot;}\">\n\t\t\t<div class=\"elementor-column-wrap elementor-element-populated\">\n\t\t\t\t\t\t\t<div class=\"elementor-widget-wrap\">\n\t\t\t\t\t\t<div class=\"elementor-element elementor-element-7ea875c3 elementor-widget elementor-widget-heading\" data-id=\"7ea875c3\" data-element_type=\"widget\" data-widget_type=\"heading.default\">\n\t\t\t\t<div class=\"elementor-widget-container\">\n\t\t\t<h2 class=\"elementor-heading-title elementor-size-default\">matieres utilisees : polycarbonate, PMMA (plexi), Petg<\/h2>\t\t<\/div>\n\t\t\t\t<\/div>\n\t\t\t\t<section class=\"has_eae_slider elementor-section elementor-inner-section elementor-element elementor-element-3cef37d2 elementor-section-boxed elementor-section-height-default elementor-section-height-default\" data-id=\"3cef37d2\" data-element_type=\"section\" data-settings=\"{&quot;background_background&quot;:&quot;classic&quot;}\">\n\t\t\t\t\t\t<div class=\"elementor-container elementor-column-gap-wider\">\n\t\t\t\t\t\t\t<div class=\"elementor-row\">\n\t\t\t\t\t<div class=\"has_eae_slider elementor-column elementor-col-100 elementor-inner-column elementor-element elementor-element-11770b2a\" data-id=\"11770b2a\" data-element_type=\"column\" data-settings=\"{&quot;background_background&quot;:&quot;classic&quot;}\">\n\t\t\t<div class=\"elementor-column-wrap elementor-element-populated\">\n\t\t\t\t\t\t\t<div class=\"elementor-widget-wrap\">\n\t\t\t\t\t\t<div class=\"elementor-element elementor-element-34f5805 elementor-widget elementor-widget-image\" data-id=\"34f5805\" data-element_type=\"widget\" data-widget_type=\"image.default\">\n\t\t\t\t<div class=\"elementor-widget-container\">\n\t\t\t\t\t\t\t\t<div class=\"elementor-image\">\n\t\t\t\t\t\t\t\t\t\t\t\t<img width=\"812\" height=\"609\" src=\"https:\/\/www.plastiquesdelestuaire.com\/wordpress\/wp-content\/uploads\/2024\/12\/Caisson-en-PMMA-1024x768.png\" class=\"attachment-large size-large\" alt=\"Caisson en PMMA\" loading=\"lazy\" srcset=\"https:\/\/www.plastiquesdelestuaire.com\/wordpress\/wp-content\/uploads\/2024\/12\/Caisson-en-PMMA-1024x768.png 1024w, https:\/\/www.plastiquesdelestuaire.com\/wordpress\/wp-content\/uploads\/2024\/12\/Caisson-en-PMMA-300x225.png 300w, https:\/\/www.plastiquesdelestuaire.com\/wordpress\/wp-content\/uploads\/2024\/12\/Caisson-en-PMMA-768x576.png 768w, https:\/\/www.plastiquesdelestuaire.com\/wordpress\/wp-content\/uploads\/2024\/12\/Caisson-en-PMMA-1536x1152.png 1536w, https:\/\/www.plastiquesdelestuaire.com\/wordpress\/wp-content\/uploads\/2024\/12\/Caisson-en-PMMA-2048x1536.png 2048w, https:\/\/www.plastiquesdelestuaire.com\/wordpress\/wp-content\/uploads\/2024\/12\/Caisson-en-PMMA-16x12.png 16w, https:\/\/www.plastiquesdelestuaire.com\/wordpress\/wp-content\/uploads\/2024\/12\/Caisson-en-PMMA-e1749748866793.png 500w\" sizes=\"(max-width: 812px) 100vw, 812px\" \/>\t\t\t\t\t\t\t\t\t\t\t\t\t\t<\/div>\n\t\t\t\t\t\t<\/div>\n\t\t\t\t<\/div>\n\t\t\t\t\t\t<\/div>\n\t\t\t\t\t<\/div>\n\t\t<\/div>\n\t\t\t\t\t\t\t\t<\/div>\n\t\t\t\t\t<\/div>\n\t\t<\/section>\n\t\t\t\t\t\t<\/div>\n\t\t\t\t\t<\/div>\n\t\t<\/div>\n\t\t\t\t\t\t\t\t<\/div>\n\t\t\t\t\t<\/div>\n\t\t<\/section>\n\t\t\t\t\t\t\t\t\t<\/div>\n\t\t\t<\/div>\n\t\t\t\t\t<\/div>","protected":false},"excerpt":{"rendered":"<p>carter &#8211; capot de protection Fabrication sur mesure selon votre cahier des charges Fabrication de r\u00e9servoirs Nous r\u00e9alisons sur mesure des carters ou capots de protection pli\u00e9s ou form\u00e9s utilis\u00e9s commun\u00e9ment pour isoler les machines industrielles des parties dangereuses. Ils assurent la protection des personnes travaillant dans l&rsquo;environnement, limite le bruit et prot\u00e8ge de la [&hellip;]<\/p>\n","protected":false},"author":4,"featured_media":0,"parent":0,"menu_order":0,"comment_status":"closed","ping_status":"closed","template":"","meta":[],"yoast_head":"<!-- This site is optimized with the Yoast SEO plugin v18.4.1 - https:\/\/yoast.com\/wordpress\/plugins\/seo\/ -->\n<title>Cart\u00e9risation, carter plastique - Plastiques de l&#039;estuaire<\/title>\n<meta name=\"description\" content=\"Contactez-nous pour la fabrication sur mesure de carters &amp; capots en plastique pour machines industrielles. Demandez votre devis en ligne.\" \/>\n<meta name=\"robots\" content=\"index, follow, max-snippet:-1, max-image-preview:large, max-video-preview:-1\" \/>\n<link rel=\"canonical\" href=\"https:\/\/www.plastiquesdelestuaire.com\/en\/carterisation-capot-de-protection\/\" \/>\n<meta property=\"og:locale\" content=\"en_GB\" \/>\n<meta property=\"og:type\" content=\"article\" \/>\n<meta property=\"og:title\" content=\"Cart\u00e9risation, carter plastique - Plastiques de l&#039;estuaire\" \/>\n<meta property=\"og:description\" content=\"Contactez-nous pour la fabrication sur mesure de carters &amp; capots en plastique pour machines industrielles. Demandez votre devis en ligne.\" \/>\n<meta property=\"og:url\" content=\"https:\/\/www.plastiquesdelestuaire.com\/en\/carterisation-capot-de-protection\/\" \/>\n<meta property=\"og:site_name\" content=\"Les Plastiques de l&#039;Estuaire\" \/>\n<meta property=\"article:publisher\" content=\"https:\/\/www.facebook.com\/plastiquesdelestuaire\" \/>\n<meta property=\"article:modified_time\" content=\"2025-10-10T11:19:23+00:00\" \/>\n<meta property=\"og:image\" content=\"https:\/\/www.plastiquesdelestuaire.com\/wordpress\/wp-content\/uploads\/2024\/12\/Caisson-en-PMMA-1024x768.png\" \/>\n<meta name=\"twitter:card\" content=\"summary_large_image\" \/>\n<meta name=\"twitter:label1\" content=\"Estimated reading time\" \/>\n\t<meta name=\"twitter:data1\" content=\"1 minute\" \/>\n<script type=\"application\/ld+json\" class=\"yoast-schema-graph\">{\"@context\":\"https:\/\/schema.org\",\"@graph\":[{\"@type\":\"Organization\",\"@id\":\"https:\/\/www.plastiquesdelestuaire.com\/#organization\",\"name\":\"PLASTIQUES DE L ESTUAIRE\",\"url\":\"https:\/\/www.plastiquesdelestuaire.com\/\",\"sameAs\":[\"https:\/\/www.facebook.com\/plastiquesdelestuaire\",\"https:\/\/www.linkedin.com\/in\/thierry-dubois-4823991bb\/\"],\"logo\":{\"@type\":\"ImageObject\",\"@id\":\"https:\/\/www.plastiquesdelestuaire.com\/#logo\",\"inLanguage\":\"en-GB\",\"url\":\"https:\/\/www.plastiquesdelestuaire.com\/wordpress\/wp-content\/uploads\/2019\/05\/PDL-logo-couleur-120.png\",\"contentUrl\":\"https:\/\/www.plastiquesdelestuaire.com\/wordpress\/wp-content\/uploads\/2019\/05\/PDL-logo-couleur-120.png\",\"width\":120,\"height\":120,\"caption\":\"PLASTIQUES DE L ESTUAIRE\"},\"image\":{\"@id\":\"https:\/\/www.plastiquesdelestuaire.com\/#logo\"}},{\"@type\":\"WebSite\",\"@id\":\"https:\/\/www.plastiquesdelestuaire.com\/#website\",\"url\":\"https:\/\/www.plastiquesdelestuaire.com\/\",\"name\":\"Les Plastiques de l&#039;Estuaire\",\"description\":\"Solutions plastiques sur-mesure\",\"publisher\":{\"@id\":\"https:\/\/www.plastiquesdelestuaire.com\/#organization\"},\"potentialAction\":[{\"@type\":\"SearchAction\",\"target\":{\"@type\":\"EntryPoint\",\"urlTemplate\":\"https:\/\/www.plastiquesdelestuaire.com\/?s={search_term_string}\"},\"query-input\":\"required name=search_term_string\"}],\"inLanguage\":\"en-GB\"},{\"@type\":\"ImageObject\",\"@id\":\"https:\/\/www.plastiquesdelestuaire.com\/carterisation-capot-de-protection\/#primaryimage\",\"inLanguage\":\"en-GB\",\"url\":\"https:\/\/www.plastiquesdelestuaire.com\/wordpress\/wp-content\/uploads\/2024\/12\/Caisson-en-PMMA-e1749748866793.png\",\"contentUrl\":\"https:\/\/www.plastiquesdelestuaire.com\/wordpress\/wp-content\/uploads\/2024\/12\/Caisson-en-PMMA-e1749748866793.png\",\"width\":500,\"height\":375,\"caption\":\"Caisson en PMMA\"},{\"@type\":\"WebPage\",\"@id\":\"https:\/\/www.plastiquesdelestuaire.com\/carterisation-capot-de-protection\/#webpage\",\"url\":\"https:\/\/www.plastiquesdelestuaire.com\/carterisation-capot-de-protection\/\",\"name\":\"Cart\u00e9risation, carter plastique - Plastiques de l'estuaire\",\"isPartOf\":{\"@id\":\"https:\/\/www.plastiquesdelestuaire.com\/#website\"},\"primaryImageOfPage\":{\"@id\":\"https:\/\/www.plastiquesdelestuaire.com\/carterisation-capot-de-protection\/#primaryimage\"},\"datePublished\":\"2025-06-25T12:35:50+00:00\",\"dateModified\":\"2025-10-10T11:19:23+00:00\",\"description\":\"Contactez-nous pour la fabrication sur mesure de carters & capots en plastique pour machines industrielles. Demandez votre devis en ligne.\",\"breadcrumb\":{\"@id\":\"https:\/\/www.plastiquesdelestuaire.com\/carterisation-capot-de-protection\/#breadcrumb\"},\"inLanguage\":\"en-GB\",\"potentialAction\":[{\"@type\":\"ReadAction\",\"target\":[\"https:\/\/www.plastiquesdelestuaire.com\/carterisation-capot-de-protection\/\"]}]},{\"@type\":\"BreadcrumbList\",\"@id\":\"https:\/\/www.plastiquesdelestuaire.com\/carterisation-capot-de-protection\/#breadcrumb\",\"itemListElement\":[{\"@type\":\"ListItem\",\"position\":1,\"name\":\"Accueil\",\"item\":\"https:\/\/www.plastiquesdelestuaire.com\/\"},{\"@type\":\"ListItem\",\"position\":2,\"name\":\"Cart\u00e9risation\"}]}]}<\/script>\n<!-- \/ Yoast SEO plugin. -->","yoast_head_json":{"title":"Cart\u00e9risation, carter plastique - Plastiques de l'estuaire","description":"Contactez-nous pour la fabrication sur mesure de carters & capots en plastique pour machines industrielles. Demandez votre devis en ligne.","robots":{"index":"index","follow":"follow","max-snippet":"max-snippet:-1","max-image-preview":"max-image-preview:large","max-video-preview":"max-video-preview:-1"},"canonical":"https:\/\/www.plastiquesdelestuaire.com\/en\/carterisation-capot-de-protection\/","og_locale":"en_GB","og_type":"article","og_title":"Cart\u00e9risation, carter plastique - Plastiques de l'estuaire","og_description":"Contactez-nous pour la fabrication sur mesure de carters & capots en plastique pour machines industrielles. Demandez votre devis en ligne.","og_url":"https:\/\/www.plastiquesdelestuaire.com\/en\/carterisation-capot-de-protection\/","og_site_name":"Les Plastiques de l&#039;Estuaire","article_publisher":"https:\/\/www.facebook.com\/plastiquesdelestuaire","article_modified_time":"2025-10-10T11:19:23+00:00","og_image":[{"url":"https:\/\/www.plastiquesdelestuaire.com\/wordpress\/wp-content\/uploads\/2024\/12\/Caisson-en-PMMA-1024x768.png"}],"twitter_card":"summary_large_image","twitter_misc":{"Estimated reading time":"1 minute"},"schema":{"@context":"https:\/\/schema.org","@graph":[{"@type":"Organization","@id":"https:\/\/www.plastiquesdelestuaire.com\/#organization","name":"PLASTIQUES DE L ESTUAIRE","url":"https:\/\/www.plastiquesdelestuaire.com\/","sameAs":["https:\/\/www.facebook.com\/plastiquesdelestuaire","https:\/\/www.linkedin.com\/in\/thierry-dubois-4823991bb\/"],"logo":{"@type":"ImageObject","@id":"https:\/\/www.plastiquesdelestuaire.com\/#logo","inLanguage":"en-GB","url":"https:\/\/www.plastiquesdelestuaire.com\/wordpress\/wp-content\/uploads\/2019\/05\/PDL-logo-couleur-120.png","contentUrl":"https:\/\/www.plastiquesdelestuaire.com\/wordpress\/wp-content\/uploads\/2019\/05\/PDL-logo-couleur-120.png","width":120,"height":120,"caption":"PLASTIQUES DE L ESTUAIRE"},"image":{"@id":"https:\/\/www.plastiquesdelestuaire.com\/#logo"}},{"@type":"WebSite","@id":"https:\/\/www.plastiquesdelestuaire.com\/#website","url":"https:\/\/www.plastiquesdelestuaire.com\/","name":"Les Plastiques de l&#039;Estuaire","description":"Customised plastics solutions","publisher":{"@id":"https:\/\/www.plastiquesdelestuaire.com\/#organization"},"potentialAction":[{"@type":"SearchAction","target":{"@type":"EntryPoint","urlTemplate":"https:\/\/www.plastiquesdelestuaire.com\/?s={search_term_string}"},"query-input":"required name=search_term_string"}],"inLanguage":"en-GB"},{"@type":"ImageObject","@id":"https:\/\/www.plastiquesdelestuaire.com\/carterisation-capot-de-protection\/#primaryimage","inLanguage":"en-GB","url":"https:\/\/www.plastiquesdelestuaire.com\/wordpress\/wp-content\/uploads\/2024\/12\/Caisson-en-PMMA-e1749748866793.png","contentUrl":"https:\/\/www.plastiquesdelestuaire.com\/wordpress\/wp-content\/uploads\/2024\/12\/Caisson-en-PMMA-e1749748866793.png","width":500,"height":375,"caption":"Caisson en PMMA"},{"@type":"WebPage","@id":"https:\/\/www.plastiquesdelestuaire.com\/carterisation-capot-de-protection\/#webpage","url":"https:\/\/www.plastiquesdelestuaire.com\/carterisation-capot-de-protection\/","name":"Cart\u00e9risation, carter plastique - Plastiques de l'estuaire","isPartOf":{"@id":"https:\/\/www.plastiquesdelestuaire.com\/#website"},"primaryImageOfPage":{"@id":"https:\/\/www.plastiquesdelestuaire.com\/carterisation-capot-de-protection\/#primaryimage"},"datePublished":"2025-06-25T12:35:50+00:00","dateModified":"2025-10-10T11:19:23+00:00","description":"Contactez-nous pour la fabrication sur mesure de carters & capots en plastique pour machines industrielles. Demandez votre devis en ligne.","breadcrumb":{"@id":"https:\/\/www.plastiquesdelestuaire.com\/carterisation-capot-de-protection\/#breadcrumb"},"inLanguage":"en-GB","potentialAction":[{"@type":"ReadAction","target":["https:\/\/www.plastiquesdelestuaire.com\/carterisation-capot-de-protection\/"]}]},{"@type":"BreadcrumbList","@id":"https:\/\/www.plastiquesdelestuaire.com\/carterisation-capot-de-protection\/#breadcrumb","itemListElement":[{"@type":"ListItem","position":1,"name":"Accueil","item":"https:\/\/www.plastiquesdelestuaire.com\/"},{"@type":"ListItem","position":2,"name":"Cart\u00e9risation"}]}]}},"_links":{"self":[{"href":"https:\/\/www.plastiquesdelestuaire.com\/en\/wp-json\/wp\/v2\/pages\/9403"}],"collection":[{"href":"https:\/\/www.plastiquesdelestuaire.com\/en\/wp-json\/wp\/v2\/pages"}],"about":[{"href":"https:\/\/www.plastiquesdelestuaire.com\/en\/wp-json\/wp\/v2\/types\/page"}],"author":[{"embeddable":true,"href":"https:\/\/www.plastiquesdelestuaire.com\/en\/wp-json\/wp\/v2\/users\/4"}],"replies":[{"embeddable":true,"href":"https:\/\/www.plastiquesdelestuaire.com\/en\/wp-json\/wp\/v2\/comments?post=9403"}],"version-history":[{"count":35,"href":"https:\/\/www.plastiquesdelestuaire.com\/en\/wp-json\/wp\/v2\/pages\/9403\/revisions"}],"predecessor-version":[{"id":10252,"href":"https:\/\/www.plastiquesdelestuaire.com\/en\/wp-json\/wp\/v2\/pages\/9403\/revisions\/10252"}],"wp:attachment":[{"href":"https:\/\/www.plastiquesdelestuaire.com\/en\/wp-json\/wp\/v2\/media?parent=9403"}],"curies":[{"name":"wp","href":"https:\/\/api.w.org\/{rel}","templated":true}]}}