{"id":9681,"date":"2025-07-15T17:21:33","date_gmt":"2025-07-15T15:21:33","guid":{"rendered":"https:\/\/www.plastiquesdelestuaire.com\/?page_id=9681"},"modified":"2025-10-20T18:49:33","modified_gmt":"2025-10-20T16:49:33","slug":"agencement","status":"publish","type":"page","link":"https:\/\/www.plastiquesdelestuaire.com\/en\/agencement\/","title":{"rendered":"Agencement"},"content":{"rendered":"<div data-elementor-type=\"wp-page\" data-elementor-id=\"9681\" class=\"elementor elementor-9681\">\n\t\t\t\t\t\t<div class=\"elementor-inner\">\n\t\t\t\t<div class=\"elementor-section-wrap\">\n\t\t\t\t\t\t\t\t\t<section class=\"has_eae_slider elementor-section elementor-top-section elementor-element elementor-element-3b59ee76 elementor-section-boxed elementor-section-height-default elementor-section-height-default\" data-id=\"3b59ee76\" data-element_type=\"section\">\n\t\t\t\t\t\t<div class=\"elementor-container elementor-column-gap-default\">\n\t\t\t\t\t\t\t<div class=\"elementor-row\">\n\t\t\t\t\t<div class=\"has_eae_slider elementor-column elementor-col-100 elementor-top-column elementor-element elementor-element-58ea15c9\" data-id=\"58ea15c9\" data-element_type=\"column\">\n\t\t\t<div class=\"elementor-column-wrap elementor-element-populated\">\n\t\t\t\t\t\t\t<div class=\"elementor-widget-wrap\">\n\t\t\t\t\t\t<div class=\"elementor-element elementor-element-71aac726 elementor-widget elementor-widget-heading\" data-id=\"71aac726\" data-element_type=\"widget\" data-widget_type=\"heading.default\">\n\t\t\t\t<div class=\"elementor-widget-container\">\n\t\t\t<h1 class=\"elementor-heading-title elementor-size-default\">amenagement - pieces sur mesure<\/h1>\t\t<\/div>\n\t\t\t\t<\/div>\n\t\t\t\t<div class=\"elementor-element elementor-element-20910582 elementor-widget elementor-widget-text-editor\" data-id=\"20910582\" data-element_type=\"widget\" data-widget_type=\"text-editor.default\">\n\t\t\t\t<div class=\"elementor-widget-container\">\n\t\t\t\t\t\t\t\t<div class=\"elementor-text-editor elementor-clearfix\">\n\t\t\t\t\t\t\t\t\t<\/div>\n\t\t\t\t\t\t<\/div>\n\t\t\t\t<\/div>\n\t\t\t\t<div class=\"elementor-element elementor-element-30b6535a elementor-hidden-desktop elementor-hidden-tablet elementor-hidden-phone elementor-widget elementor-widget-heading\" data-id=\"30b6535a\" data-element_type=\"widget\" data-widget_type=\"heading.default\">\n\t\t\t\t<div class=\"elementor-widget-container\">\n\t\t\t<h3 class=\"elementor-heading-title elementor-size-default\">Fabrication de r\u00e9servoirs<\/h3>\t\t<\/div>\n\t\t\t\t<\/div>\n\t\t\t\t<div class=\"elementor-element elementor-element-6cc84243 elementor-widget elementor-widget-text-editor\" data-id=\"6cc84243\" data-element_type=\"widget\" data-widget_type=\"text-editor.default\">\n\t\t\t\t<div class=\"elementor-widget-container\">\n\t\t\t\t\t\t\t\t<div class=\"elementor-text-editor elementor-clearfix\">\n\t\t\t\t<p>L&rsquo;entreprise propose la fabrication de <a href=\"https:\/\/www.plastiquesdelestuaire.com\/en\/chaudronnerie-plastique\/\">pi\u00e8ces en plastique usin\u00e9es<\/a>, form\u00e9es ou chaudronn\u00e9es sur mesure, en PVC, plexi, PMMA pour tout type d&rsquo;am\u00e9nagement : mobilier de salon, pr\u00e9sentoir, distributeur, lutrin etc&#8230;<\/p>\t\t\t\t\t<\/div>\n\t\t\t\t\t\t<\/div>\n\t\t\t\t<\/div>\n\t\t\t\t\t\t<\/div>\n\t\t\t\t\t<\/div>\n\t\t<\/div>\n\t\t\t\t\t\t\t\t<\/div>\n\t\t\t\t\t<\/div>\n\t\t<\/section>\n\t\t\t\t<section class=\"has_eae_slider elementor-section elementor-top-section elementor-element elementor-element-3e80c074 elementor-section-boxed elementor-section-height-default elementor-section-height-default\" data-id=\"3e80c074\" data-element_type=\"section\">\n\t\t\t\t\t\t<div class=\"elementor-container elementor-column-gap-default\">\n\t\t\t\t\t\t\t<div class=\"elementor-row\">\n\t\t\t\t\t<div class=\"has_eae_slider elementor-column elementor-col-50 elementor-top-column elementor-element elementor-element-527dacd3\" data-id=\"527dacd3\" data-element_type=\"column\">\n\t\t\t<div class=\"elementor-column-wrap elementor-element-populated\">\n\t\t\t\t\t\t\t<div class=\"elementor-widget-wrap\">\n\t\t\t\t\t\t<div class=\"elementor-element elementor-element-25d05a6e elementor-widget elementor-widget-text-editor\" data-id=\"25d05a6e\" data-element_type=\"widget\" data-widget_type=\"text-editor.default\">\n\t\t\t\t<div class=\"elementor-widget-container\">\n\t\t\t\t\t\t\t\t<div class=\"elementor-text-editor elementor-clearfix\">\n\t\t\t\t\t\t\t\t\t<\/div>\n\t\t\t\t\t\t<\/div>\n\t\t\t\t<\/div>\n\t\t\t\t\t\t<\/div>\n\t\t\t\t\t<\/div>\n\t\t<\/div>\n\t\t\t\t<div class=\"has_eae_slider elementor-column elementor-col-50 elementor-top-column elementor-element elementor-element-348aa4d5\" data-id=\"348aa4d5\" data-element_type=\"column\">\n\t\t\t<div class=\"elementor-column-wrap elementor-element-populated\">\n\t\t\t\t\t\t\t<div class=\"elementor-widget-wrap\">\n\t\t\t\t\t\t<div class=\"elementor-element elementor-element-4e36a7e8 elementor-widget elementor-widget-text-editor\" data-id=\"4e36a7e8\" data-element_type=\"widget\" data-widget_type=\"text-editor.default\">\n\t\t\t\t<div class=\"elementor-widget-container\">\n\t\t\t\t\t\t\t\t<div class=\"elementor-text-editor elementor-clearfix\">\n\t\t\t\t\t\t\t\t\t<\/div>\n\t\t\t\t\t\t<\/div>\n\t\t\t\t<\/div>\n\t\t\t\t\t\t<\/div>\n\t\t\t\t\t<\/div>\n\t\t<\/div>\n\t\t\t\t\t\t\t\t<\/div>\n\t\t\t\t\t<\/div>\n\t\t<\/section>\n\t\t\t\t<section class=\"has_eae_slider elementor-section elementor-top-section elementor-element elementor-element-434ea172 elementor-section-boxed elementor-section-height-default elementor-section-height-default\" data-id=\"434ea172\" data-element_type=\"section\">\n\t\t\t\t\t\t<div class=\"elementor-container elementor-column-gap-default\">\n\t\t\t\t\t\t\t<div class=\"elementor-row\">\n\t\t\t\t\t<div class=\"has_eae_slider elementor-column elementor-col-100 elementor-top-column elementor-element elementor-element-135295b9\" data-id=\"135295b9\" data-element_type=\"column\">\n\t\t\t<div class=\"elementor-column-wrap elementor-element-populated\">\n\t\t\t\t\t\t\t<div class=\"elementor-widget-wrap\">\n\t\t\t\t\t\t<div class=\"elementor-element elementor-element-4fa0c680 elementor-widget elementor-widget-image\" data-id=\"4fa0c680\" data-element_type=\"widget\" data-widget_type=\"image.default\">\n\t\t\t\t<div class=\"elementor-widget-container\">\n\t\t\t\t\t\t\t\t<div class=\"elementor-image\">\n\t\t\t\t\t\t\t\t\t<figure class=\"wp-caption\">\n\t\t\t\t\t\t\t\t\t\t<img width=\"400\" height=\"372\" src=\"https:\/\/www.plastiquesdelestuaire.com\/wordpress\/wp-content\/uploads\/2020\/11\/admin-ajax.jpg\" class=\"attachment-large size-large\" alt=\"Table plexi\" loading=\"lazy\" srcset=\"https:\/\/www.plastiquesdelestuaire.com\/wordpress\/wp-content\/uploads\/2020\/11\/admin-ajax.jpg 400w, https:\/\/www.plastiquesdelestuaire.com\/wordpress\/wp-content\/uploads\/2020\/11\/admin-ajax-300x279.jpg 300w\" sizes=\"(max-width: 400px) 100vw, 400px\" \/>\t\t\t\t\t\t\t\t\t\t\t<figcaption class=\"widget-image-caption wp-caption-text\">Table plexi sur mesure<\/figcaption>\n\t\t\t\t\t\t\t\t\t\t<\/figure>\n\t\t\t\t\t\t\t\t<\/div>\n\t\t\t\t\t\t<\/div>\n\t\t\t\t<\/div>\n\t\t\t\t\t\t<\/div>\n\t\t\t\t\t<\/div>\n\t\t<\/div>\n\t\t\t\t\t\t\t\t<\/div>\n\t\t\t\t\t<\/div>\n\t\t<\/section>\n\t\t\t\t<section class=\"has_eae_slider elementor-section elementor-top-section elementor-element elementor-element-d54e953 elementor-section-boxed elementor-section-height-default elementor-section-height-default\" data-id=\"d54e953\" data-element_type=\"section\">\n\t\t\t\t\t\t<div class=\"elementor-container elementor-column-gap-default\">\n\t\t\t\t\t\t\t<div class=\"elementor-row\">\n\t\t\t\t\t<div class=\"has_eae_slider elementor-column elementor-col-33 elementor-top-column elementor-element elementor-element-8c114a1\" data-id=\"8c114a1\" data-element_type=\"column\">\n\t\t\t<div class=\"elementor-column-wrap elementor-element-populated\">\n\t\t\t\t\t\t\t<div class=\"elementor-widget-wrap\">\n\t\t\t\t\t\t<div class=\"elementor-element elementor-element-3dcd0d2 elementor-widget elementor-widget-image\" data-id=\"3dcd0d2\" data-element_type=\"widget\" data-widget_type=\"image.default\">\n\t\t\t\t<div class=\"elementor-widget-container\">\n\t\t\t\t\t\t\t\t<div class=\"elementor-image\">\n\t\t\t\t\t\t\t\t\t<figure class=\"wp-caption\">\n\t\t\t\t\t\t\t\t\t\t<img width=\"768\" height=\"1024\" src=\"https:\/\/www.plastiquesdelestuaire.com\/wordpress\/wp-content\/uploads\/2025\/07\/lutrin-768x1024.jpg\" class=\"attachment-large size-large\" alt=\"\" loading=\"lazy\" srcset=\"https:\/\/www.plastiquesdelestuaire.com\/wordpress\/wp-content\/uploads\/2025\/07\/lutrin-768x1024.jpg 768w, https:\/\/www.plastiquesdelestuaire.com\/wordpress\/wp-content\/uploads\/2025\/07\/lutrin-225x300.jpg 225w, https:\/\/www.plastiquesdelestuaire.com\/wordpress\/wp-content\/uploads\/2025\/07\/lutrin-1152x1536.jpg 1152w, https:\/\/www.plastiquesdelestuaire.com\/wordpress\/wp-content\/uploads\/2025\/07\/lutrin-9x12.jpg 9w, https:\/\/www.plastiquesdelestuaire.com\/wordpress\/wp-content\/uploads\/2025\/07\/lutrin-e1752592684550.jpg 1000w\" sizes=\"(max-width: 768px) 100vw, 768px\" \/>\t\t\t\t\t\t\t\t\t\t\t<figcaption class=\"widget-image-caption wp-caption-text\">Pupitre en PMMA<\/figcaption>\n\t\t\t\t\t\t\t\t\t\t<\/figure>\n\t\t\t\t\t\t\t\t<\/div>\n\t\t\t\t\t\t<\/div>\n\t\t\t\t<\/div>\n\t\t\t\t\t\t<\/div>\n\t\t\t\t\t<\/div>\n\t\t<\/div>\n\t\t\t\t<div class=\"has_eae_slider elementor-column elementor-col-33 elementor-top-column elementor-element elementor-element-8bc92b6\" data-id=\"8bc92b6\" data-element_type=\"column\">\n\t\t\t<div class=\"elementor-column-wrap elementor-element-populated\">\n\t\t\t\t\t\t\t<div class=\"elementor-widget-wrap\">\n\t\t\t\t\t\t<div class=\"elementor-element elementor-element-86f94a8 elementor-widget elementor-widget-image\" data-id=\"86f94a8\" data-element_type=\"widget\" data-widget_type=\"image.default\">\n\t\t\t\t<div class=\"elementor-widget-container\">\n\t\t\t\t\t\t\t\t<div class=\"elementor-image\">\n\t\t\t\t\t\t\t\t\t<figure class=\"wp-caption\">\n\t\t\t\t\t\t\t\t\t\t<img width=\"141\" height=\"160\" src=\"https:\/\/www.plastiquesdelestuaire.com\/wordpress\/wp-content\/uploads\/2019\/05\/INDUSTRIE-img-exemple-5-vestiaire-sur-roulette-pour-piscine.png\" class=\"attachment-large size-large\" alt=\"Vestiaire sur roulette pour piscine\" loading=\"lazy\" \/>\t\t\t\t\t\t\t\t\t\t\t<figcaption class=\"widget-image-caption wp-caption-text\">Pool locker on wheels<\/figcaption>\n\t\t\t\t\t\t\t\t\t\t<\/figure>\n\t\t\t\t\t\t\t\t<\/div>\n\t\t\t\t\t\t<\/div>\n\t\t\t\t<\/div>\n\t\t\t\t\t\t<\/div>\n\t\t\t\t\t<\/div>\n\t\t<\/div>\n\t\t\t\t<div class=\"has_eae_slider elementor-column elementor-col-33 elementor-top-column elementor-element elementor-element-59ca556\" data-id=\"59ca556\" data-element_type=\"column\">\n\t\t\t<div class=\"elementor-column-wrap elementor-element-populated\">\n\t\t\t\t\t\t\t<div class=\"elementor-widget-wrap\">\n\t\t\t\t\t\t<div class=\"elementor-element elementor-element-4bd2a812 elementor-widget elementor-widget-image\" data-id=\"4bd2a812\" data-element_type=\"widget\" data-widget_type=\"image.default\">\n\t\t\t\t<div class=\"elementor-widget-container\">\n\t\t\t\t\t\t\t\t<div class=\"elementor-image\">\n\t\t\t\t\t\t\t\t\t<figure class=\"wp-caption\">\n\t\t\t\t\t\t\t\t\t\t<img width=\"336\" height=\"448\" src=\"https:\/\/www.plastiquesdelestuaire.com\/wordpress\/wp-content\/uploads\/2025\/07\/Vase-transparent.jpg\" class=\"attachment-large size-large\" alt=\"Vase\" loading=\"lazy\" srcset=\"https:\/\/www.plastiquesdelestuaire.com\/wordpress\/wp-content\/uploads\/2025\/07\/Vase-transparent.jpg 336w, https:\/\/www.plastiquesdelestuaire.com\/wordpress\/wp-content\/uploads\/2025\/07\/Vase-transparent-225x300.jpg 225w, https:\/\/www.plastiquesdelestuaire.com\/wordpress\/wp-content\/uploads\/2025\/07\/Vase-transparent-9x12.jpg 9w\" sizes=\"(max-width: 336px) 100vw, 336px\" \/>\t\t\t\t\t\t\t\t\t\t\t<figcaption class=\"widget-image-caption wp-caption-text\">Tube d'essai pour le CNRS  PMMA  Ep. 50 mm Lg 1 m<\/figcaption>\n\t\t\t\t\t\t\t\t\t\t<\/figure>\n\t\t\t\t\t\t\t\t<\/div>\n\t\t\t\t\t\t<\/div>\n\t\t\t\t<\/div>\n\t\t\t\t\t\t<\/div>\n\t\t\t\t\t<\/div>\n\t\t<\/div>\n\t\t\t\t\t\t\t\t<\/div>\n\t\t\t\t\t<\/div>\n\t\t<\/section>\n\t\t\t\t\t\t\t\t\t<\/div>\n\t\t\t<\/div>\n\t\t\t\t\t<\/div>","protected":false},"excerpt":{"rendered":"<p>amenagement &#8211; pieces sur mesure Fabrication de r\u00e9servoirs L&rsquo;entreprise propose la fabrication de pi\u00e8ces en plastique usin\u00e9es, form\u00e9es ou chaudronn\u00e9es sur mesure, en PVC, plexi, PMMA pour tout type d&rsquo;am\u00e9nagement : mobilier de salon, pr\u00e9sentoir, distributeur, lutrin etc&#8230; Table plexi sur mesure Pupitre en PMMA Vestiaire sur roulette pour piscine Tube d&rsquo;essai pour le CNRS [&hellip;]<\/p>\n","protected":false},"author":5,"featured_media":0,"parent":0,"menu_order":0,"comment_status":"closed","ping_status":"closed","template":"elementor_header_footer","meta":[],"yoast_head":"<!-- This site is optimized with the Yoast SEO plugin v18.4.1 - https:\/\/yoast.com\/wordpress\/plugins\/seo\/ -->\n<title>Pi\u00e8ces plastiques sur-mesure am\u00e9nagement - Plastiques de l&#039;estuaire<\/title>\n<meta name=\"description\" content=\"Nous r\u00e9alisons des pi\u00e8ces en plastique sur mesure pour l&#039;am\u00e9nagement: salons, magasins -d\u00e9coration : demandez votre devis en ligne\" \/>\n<meta name=\"robots\" content=\"index, follow, max-snippet:-1, max-image-preview:large, max-video-preview:-1\" \/>\n<link rel=\"canonical\" href=\"https:\/\/www.plastiquesdelestuaire.com\/en\/agencement\/\" \/>\n<meta property=\"og:locale\" content=\"en_GB\" \/>\n<meta property=\"og:type\" content=\"article\" \/>\n<meta property=\"og:title\" content=\"Pi\u00e8ces plastiques sur-mesure am\u00e9nagement - Plastiques de l&#039;estuaire\" \/>\n<meta property=\"og:description\" content=\"Nous r\u00e9alisons des pi\u00e8ces en plastique sur mesure pour l&#039;am\u00e9nagement: salons, magasins -d\u00e9coration : demandez votre devis en ligne\" \/>\n<meta property=\"og:url\" content=\"https:\/\/www.plastiquesdelestuaire.com\/en\/agencement\/\" \/>\n<meta property=\"og:site_name\" content=\"Les Plastiques de l&#039;Estuaire\" \/>\n<meta property=\"article:publisher\" content=\"https:\/\/www.facebook.com\/plastiquesdelestuaire\" \/>\n<meta property=\"article:modified_time\" content=\"2025-10-20T16:49:33+00:00\" \/>\n<meta property=\"og:image\" content=\"https:\/\/www.plastiquesdelestuaire.com\/wordpress\/wp-content\/uploads\/2020\/11\/admin-ajax.jpg\" \/>\n<meta name=\"twitter:card\" content=\"summary_large_image\" \/>\n<meta name=\"twitter:label1\" content=\"Estimated reading time\" \/>\n\t<meta name=\"twitter:data1\" content=\"2 minutes\" \/>\n<script type=\"application\/ld+json\" class=\"yoast-schema-graph\">{\"@context\":\"https:\/\/schema.org\",\"@graph\":[{\"@type\":\"Organization\",\"@id\":\"https:\/\/www.plastiquesdelestuaire.com\/#organization\",\"name\":\"PLASTIQUES DE L ESTUAIRE\",\"url\":\"https:\/\/www.plastiquesdelestuaire.com\/\",\"sameAs\":[\"https:\/\/www.facebook.com\/plastiquesdelestuaire\",\"https:\/\/www.linkedin.com\/in\/thierry-dubois-4823991bb\/\"],\"logo\":{\"@type\":\"ImageObject\",\"@id\":\"https:\/\/www.plastiquesdelestuaire.com\/#logo\",\"inLanguage\":\"en-GB\",\"url\":\"https:\/\/www.plastiquesdelestuaire.com\/wordpress\/wp-content\/uploads\/2019\/05\/PDL-logo-couleur-120.png\",\"contentUrl\":\"https:\/\/www.plastiquesdelestuaire.com\/wordpress\/wp-content\/uploads\/2019\/05\/PDL-logo-couleur-120.png\",\"width\":120,\"height\":120,\"caption\":\"PLASTIQUES DE L ESTUAIRE\"},\"image\":{\"@id\":\"https:\/\/www.plastiquesdelestuaire.com\/#logo\"}},{\"@type\":\"WebSite\",\"@id\":\"https:\/\/www.plastiquesdelestuaire.com\/#website\",\"url\":\"https:\/\/www.plastiquesdelestuaire.com\/\",\"name\":\"Les Plastiques de l&#039;Estuaire\",\"description\":\"Solutions plastiques sur-mesure\",\"publisher\":{\"@id\":\"https:\/\/www.plastiquesdelestuaire.com\/#organization\"},\"potentialAction\":[{\"@type\":\"SearchAction\",\"target\":{\"@type\":\"EntryPoint\",\"urlTemplate\":\"https:\/\/www.plastiquesdelestuaire.com\/?s={search_term_string}\"},\"query-input\":\"required name=search_term_string\"}],\"inLanguage\":\"en-GB\"},{\"@type\":\"ImageObject\",\"@id\":\"https:\/\/www.plastiquesdelestuaire.com\/agencement\/#primaryimage\",\"inLanguage\":\"en-GB\",\"url\":\"https:\/\/www.plastiquesdelestuaire.com\/wordpress\/wp-content\/uploads\/2020\/11\/admin-ajax.jpg\",\"contentUrl\":\"https:\/\/www.plastiquesdelestuaire.com\/wordpress\/wp-content\/uploads\/2020\/11\/admin-ajax.jpg\",\"width\":400,\"height\":372,\"caption\":\"Table plexi sur mesure\"},{\"@type\":\"WebPage\",\"@id\":\"https:\/\/www.plastiquesdelestuaire.com\/agencement\/#webpage\",\"url\":\"https:\/\/www.plastiquesdelestuaire.com\/agencement\/\",\"name\":\"Pi\u00e8ces plastiques sur-mesure am\u00e9nagement - Plastiques de l'estuaire\",\"isPartOf\":{\"@id\":\"https:\/\/www.plastiquesdelestuaire.com\/#website\"},\"primaryImageOfPage\":{\"@id\":\"https:\/\/www.plastiquesdelestuaire.com\/agencement\/#primaryimage\"},\"datePublished\":\"2025-07-15T15:21:33+00:00\",\"dateModified\":\"2025-10-20T16:49:33+00:00\",\"description\":\"Nous r\u00e9alisons des pi\u00e8ces en plastique sur mesure pour l'am\u00e9nagement: salons, magasins -d\u00e9coration : demandez votre devis en ligne\",\"breadcrumb\":{\"@id\":\"https:\/\/www.plastiquesdelestuaire.com\/agencement\/#breadcrumb\"},\"inLanguage\":\"en-GB\",\"potentialAction\":[{\"@type\":\"ReadAction\",\"target\":[\"https:\/\/www.plastiquesdelestuaire.com\/agencement\/\"]}]},{\"@type\":\"BreadcrumbList\",\"@id\":\"https:\/\/www.plastiquesdelestuaire.com\/agencement\/#breadcrumb\",\"itemListElement\":[{\"@type\":\"ListItem\",\"position\":1,\"name\":\"Accueil\",\"item\":\"https:\/\/www.plastiquesdelestuaire.com\/\"},{\"@type\":\"ListItem\",\"position\":2,\"name\":\"Agencement\"}]}]}<\/script>\n<!-- \/ Yoast SEO plugin. -->","yoast_head_json":{"title":"Pi\u00e8ces plastiques sur-mesure am\u00e9nagement - Plastiques de l'estuaire","description":"Nous r\u00e9alisons des pi\u00e8ces en plastique sur mesure pour l'am\u00e9nagement: salons, magasins -d\u00e9coration : demandez votre devis en ligne","robots":{"index":"index","follow":"follow","max-snippet":"max-snippet:-1","max-image-preview":"max-image-preview:large","max-video-preview":"max-video-preview:-1"},"canonical":"https:\/\/www.plastiquesdelestuaire.com\/en\/agencement\/","og_locale":"en_GB","og_type":"article","og_title":"Pi\u00e8ces plastiques sur-mesure am\u00e9nagement - Plastiques de l'estuaire","og_description":"Nous r\u00e9alisons des pi\u00e8ces en plastique sur mesure pour l'am\u00e9nagement: salons, magasins -d\u00e9coration : demandez votre devis en ligne","og_url":"https:\/\/www.plastiquesdelestuaire.com\/en\/agencement\/","og_site_name":"Les Plastiques de l&#039;Estuaire","article_publisher":"https:\/\/www.facebook.com\/plastiquesdelestuaire","article_modified_time":"2025-10-20T16:49:33+00:00","og_image":[{"url":"https:\/\/www.plastiquesdelestuaire.com\/wordpress\/wp-content\/uploads\/2020\/11\/admin-ajax.jpg"}],"twitter_card":"summary_large_image","twitter_misc":{"Estimated reading time":"2 minutes"},"schema":{"@context":"https:\/\/schema.org","@graph":[{"@type":"Organization","@id":"https:\/\/www.plastiquesdelestuaire.com\/#organization","name":"PLASTIQUES DE L ESTUAIRE","url":"https:\/\/www.plastiquesdelestuaire.com\/","sameAs":["https:\/\/www.facebook.com\/plastiquesdelestuaire","https:\/\/www.linkedin.com\/in\/thierry-dubois-4823991bb\/"],"logo":{"@type":"ImageObject","@id":"https:\/\/www.plastiquesdelestuaire.com\/#logo","inLanguage":"en-GB","url":"https:\/\/www.plastiquesdelestuaire.com\/wordpress\/wp-content\/uploads\/2019\/05\/PDL-logo-couleur-120.png","contentUrl":"https:\/\/www.plastiquesdelestuaire.com\/wordpress\/wp-content\/uploads\/2019\/05\/PDL-logo-couleur-120.png","width":120,"height":120,"caption":"PLASTIQUES DE L ESTUAIRE"},"image":{"@id":"https:\/\/www.plastiquesdelestuaire.com\/#logo"}},{"@type":"WebSite","@id":"https:\/\/www.plastiquesdelestuaire.com\/#website","url":"https:\/\/www.plastiquesdelestuaire.com\/","name":"Les Plastiques de l&#039;Estuaire","description":"Customised plastics solutions","publisher":{"@id":"https:\/\/www.plastiquesdelestuaire.com\/#organization"},"potentialAction":[{"@type":"SearchAction","target":{"@type":"EntryPoint","urlTemplate":"https:\/\/www.plastiquesdelestuaire.com\/?s={search_term_string}"},"query-input":"required name=search_term_string"}],"inLanguage":"en-GB"},{"@type":"ImageObject","@id":"https:\/\/www.plastiquesdelestuaire.com\/agencement\/#primaryimage","inLanguage":"en-GB","url":"https:\/\/www.plastiquesdelestuaire.com\/wordpress\/wp-content\/uploads\/2020\/11\/admin-ajax.jpg","contentUrl":"https:\/\/www.plastiquesdelestuaire.com\/wordpress\/wp-content\/uploads\/2020\/11\/admin-ajax.jpg","width":400,"height":372,"caption":"Table plexi sur mesure"},{"@type":"WebPage","@id":"https:\/\/www.plastiquesdelestuaire.com\/agencement\/#webpage","url":"https:\/\/www.plastiquesdelestuaire.com\/agencement\/","name":"Pi\u00e8ces plastiques sur-mesure am\u00e9nagement - Plastiques de l'estuaire","isPartOf":{"@id":"https:\/\/www.plastiquesdelestuaire.com\/#website"},"primaryImageOfPage":{"@id":"https:\/\/www.plastiquesdelestuaire.com\/agencement\/#primaryimage"},"datePublished":"2025-07-15T15:21:33+00:00","dateModified":"2025-10-20T16:49:33+00:00","description":"Nous r\u00e9alisons des pi\u00e8ces en plastique sur mesure pour l'am\u00e9nagement: salons, magasins -d\u00e9coration : demandez votre devis en ligne","breadcrumb":{"@id":"https:\/\/www.plastiquesdelestuaire.com\/agencement\/#breadcrumb"},"inLanguage":"en-GB","potentialAction":[{"@type":"ReadAction","target":["https:\/\/www.plastiquesdelestuaire.com\/agencement\/"]}]},{"@type":"BreadcrumbList","@id":"https:\/\/www.plastiquesdelestuaire.com\/agencement\/#breadcrumb","itemListElement":[{"@type":"ListItem","position":1,"name":"Accueil","item":"https:\/\/www.plastiquesdelestuaire.com\/"},{"@type":"ListItem","position":2,"name":"Agencement"}]}]}},"_links":{"self":[{"href":"https:\/\/www.plastiquesdelestuaire.com\/en\/wp-json\/wp\/v2\/pages\/9681"}],"collection":[{"href":"https:\/\/www.plastiquesdelestuaire.com\/en\/wp-json\/wp\/v2\/pages"}],"about":[{"href":"https:\/\/www.plastiquesdelestuaire.com\/en\/wp-json\/wp\/v2\/types\/page"}],"author":[{"embeddable":true,"href":"https:\/\/www.plastiquesdelestuaire.com\/en\/wp-json\/wp\/v2\/users\/5"}],"replies":[{"embeddable":true,"href":"https:\/\/www.plastiquesdelestuaire.com\/en\/wp-json\/wp\/v2\/comments?post=9681"}],"version-history":[{"count":51,"href":"https:\/\/www.plastiquesdelestuaire.com\/en\/wp-json\/wp\/v2\/pages\/9681\/revisions"}],"predecessor-version":[{"id":10371,"href":"https:\/\/www.plastiquesdelestuaire.com\/en\/wp-json\/wp\/v2\/pages\/9681\/revisions\/10371"}],"wp:attachment":[{"href":"https:\/\/www.plastiquesdelestuaire.com\/en\/wp-json\/wp\/v2\/media?parent=9681"}],"curies":[{"name":"wp","href":"https:\/\/api.w.org\/{rel}","templated":true}]}}